{"id":35,"date":"2021-10-06T09:00:30","date_gmt":"2021-10-06T08:00:30","guid":{"rendered":"https:\/\/greentechnologia.hu\/?page_id=35"},"modified":"2021-10-06T18:07:42","modified_gmt":"2021-10-06T17:07:42","slug":"kapcsolat","status":"publish","type":"page","link":"https:\/\/greentechnologia.hu\/index.php\/kapcsolat\/","title":{"rendered":"Kapcsolat"},"content":{"rendered":"\n<p><strong>C\u00e9gn\u00e9v:<\/strong> Green Technol\u00f3gia K\u00f6rnyezetv\u00e9delmi Szolg\u00e1ltat\u00f3 Korl\u00e1tolt Felel\u0151ss\u00e9g\u0171 T\u00e1rsas\u00e1g<br><strong>R\u00f6vid\u00edtett c\u00e9gn\u00e9v:<\/strong> Greentechnol\u00f3gia Kft.<\/p>\n\n\n\n<p><strong>C\u00e9gjegyz\u00e9ksz\u00e1m:<\/strong> 08-09-027290<\/p>\n\n\n\n<p><strong>Ad\u00f3sz\u00e1m:<\/strong> 25313220-2-08<\/p>\n\n\n\n<p><strong>Sz\u00e9khely:<\/strong> 9200 Mosonmagyar\u00f3v\u00e1r, Ligetsor 52\/2.<\/p>\n\n\n\n<p><\/p>\n\n\n\n<p><strong>E-mail:<\/strong> <a href=\"mailto:agrar@greentechnologia.hu\">agrar@greentechnologia.hu<\/a><\/p>\n\n\n\n<p><strong>Tel.:<\/strong> +36-30\/925-3038<\/p>\n\n\n\n<p><\/p>\n\n\n<p><strong>Telephely: <\/strong>9155 L\u00e9b\u00e9ny, Damjanich u. 112<\/p>\n<p><iframe src=\"https:\/\/www.google.com\/maps\/embed?pb=!1m14!1m8!1m3!1d12765.754796455563!2d17.376629522899737!3d47.72966601182663!3m2!1i1024!2i768!4f13.1!3m3!1m2!1s0x0%3A0x58763022cf644fae!2sGreen%20Technol%C3%B3gia%20Kft!5e0!3m2!1shu!2shu!4v1633540025521!5m2!1shu!2shu\" style=\"border:0;\" allowfullscreen=\"\" loading=\"lazy\" width=\"840\" height=\"450\"><\/iframe><\/p>\n<p><\/p>\n\n\n<p><\/p>\n","protected":false},"excerpt":{"rendered":"<p>C\u00e9gn\u00e9v: Green Technol\u00f3gia K\u00f6rnyezetv\u00e9delmi Szolg\u00e1ltat\u00f3 Korl\u00e1tolt Felel\u0151ss\u00e9g\u0171 T\u00e1rsas\u00e1gR\u00f6vid\u00edtett c\u00e9gn\u00e9v: Greentechnol\u00f3gia Kft. C\u00e9gjegyz\u00e9ksz\u00e1m: 08-09-027290 Ad\u00f3sz\u00e1m: 25313220-2-08 Sz\u00e9khely: 9200 Mosonmagyar\u00f3v\u00e1r, Ligetsor 52\/2. E-mail: agrar@greentechnologia.hu Tel.: +36-30\/925-3038 Telephely: 9155 L\u00e9b\u00e9ny, Damjanich u. 112<\/p>\n","protected":false},"author":1,"featured_media":0,"parent":0,"menu_order":0,"comment_status":"closed","ping_status":"closed","template":"","meta":{"footnotes":""},"class_list":["post-35","page","type-page","status-publish","hentry"],"_links":{"self":[{"href":"https:\/\/greentechnologia.hu\/index.php\/wp-json\/wp\/v2\/pages\/35","targetHints":{"allow":["GET"]}}],"collection":[{"href":"https:\/\/greentechnologia.hu\/index.php\/wp-json\/wp\/v2\/pages"}],"about":[{"href":"https:\/\/greentechnologia.hu\/index.php\/wp-json\/wp\/v2\/types\/page"}],"author":[{"embeddable":true,"href":"https:\/\/greentechnologia.hu\/index.php\/wp-json\/wp\/v2\/users\/1"}],"replies":[{"embeddable":true,"href":"https:\/\/greentechnologia.hu\/index.php\/wp-json\/wp\/v2\/comments?post=35"}],"version-history":[{"count":6,"href":"https:\/\/greentechnologia.hu\/index.php\/wp-json\/wp\/v2\/pages\/35\/revisions"}],"predecessor-version":[{"id":190,"href":"https:\/\/greentechnologia.hu\/index.php\/wp-json\/wp\/v2\/pages\/35\/revisions\/190"}],"wp:attachment":[{"href":"https:\/\/greentechnologia.hu\/index.php\/wp-json\/wp\/v2\/media?parent=35"}],"curies":[{"name":"wp","href":"https:\/\/api.w.org\/{rel}","templated":true}]}}