{"id":28,"date":"2021-10-06T08:59:38","date_gmt":"2021-10-06T07:59:38","guid":{"rendered":"https:\/\/greentechnologia.hu\/?page_id=28"},"modified":"2023-02-26T09:38:24","modified_gmt":"2023-02-26T08:38:24","slug":"alapanyag-atvetel","status":"publish","type":"page","link":"https:\/\/greentechnologia.hu\/index.php\/alapanyag-atvetel\/","title":{"rendered":"Alapanyag \u00e1tv\u00e9tel"},"content":{"rendered":"\n<figure class=\"wp-block-image size-large\"><img loading=\"lazy\" decoding=\"async\" width=\"1024\" height=\"492\" src=\"https:\/\/greentechnologia.hu\/wp-content\/uploads\/2021\/11\/molino_11_18-1024x492.png\" alt=\"Mez\u0151gazdas\u00e1gi f\u00f3liahullad\u00e9k gy\u0171jt\u0151pont haszn\u00e1lata\" class=\"wp-image-252\" srcset=\"https:\/\/greentechnologia.hu\/wp-content\/uploads\/2021\/11\/molino_11_18-1024x492.png 1024w, https:\/\/greentechnologia.hu\/wp-content\/uploads\/2021\/11\/molino_11_18-300x144.png 300w, https:\/\/greentechnologia.hu\/wp-content\/uploads\/2021\/11\/molino_11_18-768x369.png 768w, https:\/\/greentechnologia.hu\/wp-content\/uploads\/2021\/11\/molino_11_18-1536x738.png 1536w, https:\/\/greentechnologia.hu\/wp-content\/uploads\/2021\/11\/molino_11_18-825x397.png 825w, https:\/\/greentechnologia.hu\/wp-content\/uploads\/2021\/11\/molino_11_18-600x288.png 600w, https:\/\/greentechnologia.hu\/wp-content\/uploads\/2021\/11\/molino_11_18-400x192.png 400w, https:\/\/greentechnologia.hu\/wp-content\/uploads\/2021\/11\/molino_11_18.png 1764w\" sizes=\"auto, (max-width: 1024px) 100vw, 1024px\" \/><\/figure>\n\n\n\n<figure class=\"wp-block-image size-large\"><img loading=\"lazy\" decoding=\"async\" width=\"1024\" height=\"727\" src=\"https:\/\/greentechnologia.hu\/wp-content\/uploads\/2021\/10\/omek_1-1024x727.png\" alt=\"Mez\u0151gazdas\u00e1gi f\u00f3liahullad\u00e9k gy\u0171jt\u0151pont haszn\u00e1lata\" class=\"wp-image-244\" srcset=\"https:\/\/greentechnologia.hu\/wp-content\/uploads\/2021\/10\/omek_1-1024x727.png 1024w, https:\/\/greentechnologia.hu\/wp-content\/uploads\/2021\/10\/omek_1-300x213.png 300w, https:\/\/greentechnologia.hu\/wp-content\/uploads\/2021\/10\/omek_1-768x545.png 768w, https:\/\/greentechnologia.hu\/wp-content\/uploads\/2021\/10\/omek_1-825x586.png 825w, https:\/\/greentechnologia.hu\/wp-content\/uploads\/2021\/10\/omek_1-600x426.png 600w, https:\/\/greentechnologia.hu\/wp-content\/uploads\/2021\/10\/omek_1-400x284.png 400w, https:\/\/greentechnologia.hu\/wp-content\/uploads\/2021\/10\/omek_1.png 1377w\" sizes=\"auto, (max-width: 1024px) 100vw, 1024px\" \/><\/figure>\n\n\n\n<figure class=\"wp-block-image size-large\"><img loading=\"lazy\" decoding=\"async\" width=\"1024\" height=\"730\" src=\"https:\/\/greentechnologia.hu\/wp-content\/uploads\/2021\/10\/omek_2-1024x730.png\" alt=\"Mez\u0151gazdas\u00e1gi f\u00f3liahullad\u00e9k gy\u0171jt\u0151pont haszn\u00e1lata\" class=\"wp-image-245\" srcset=\"https:\/\/greentechnologia.hu\/wp-content\/uploads\/2021\/10\/omek_2-1024x730.png 1024w, https:\/\/greentechnologia.hu\/wp-content\/uploads\/2021\/10\/omek_2-300x214.png 300w, https:\/\/greentechnologia.hu\/wp-content\/uploads\/2021\/10\/omek_2-768x548.png 768w, https:\/\/greentechnologia.hu\/wp-content\/uploads\/2021\/10\/omek_2-825x588.png 825w, https:\/\/greentechnologia.hu\/wp-content\/uploads\/2021\/10\/omek_2-600x428.png 600w, https:\/\/greentechnologia.hu\/wp-content\/uploads\/2021\/10\/omek_2-400x285.png 400w, https:\/\/greentechnologia.hu\/wp-content\/uploads\/2021\/10\/omek_2.png 1381w\" sizes=\"auto, (max-width: 1024px) 100vw, 1024px\" \/><\/figure>\n","protected":false},"excerpt":{"rendered":"","protected":false},"author":1,"featured_media":0,"parent":0,"menu_order":0,"comment_status":"closed","ping_status":"closed","template":"","meta":{"footnotes":""},"class_list":["post-28","page","type-page","status-publish","hentry"],"_links":{"self":[{"href":"https:\/\/greentechnologia.hu\/index.php\/wp-json\/wp\/v2\/pages\/28","targetHints":{"allow":["GET"]}}],"collection":[{"href":"https:\/\/greentechnologia.hu\/index.php\/wp-json\/wp\/v2\/pages"}],"about":[{"href":"https:\/\/greentechnologia.hu\/index.php\/wp-json\/wp\/v2\/types\/page"}],"author":[{"embeddable":true,"href":"https:\/\/greentechnologia.hu\/index.php\/wp-json\/wp\/v2\/users\/1"}],"replies":[{"embeddable":true,"href":"https:\/\/greentechnologia.hu\/index.php\/wp-json\/wp\/v2\/comments?post=28"}],"version-history":[{"count":6,"href":"https:\/\/greentechnologia.hu\/index.php\/wp-json\/wp\/v2\/pages\/28\/revisions"}],"predecessor-version":[{"id":274,"href":"https:\/\/greentechnologia.hu\/index.php\/wp-json\/wp\/v2\/pages\/28\/revisions\/274"}],"wp:attachment":[{"href":"https:\/\/greentechnologia.hu\/index.php\/wp-json\/wp\/v2\/media?parent=28"}],"curies":[{"name":"wp","href":"https:\/\/api.w.org\/{rel}","templated":true}]}}