{"id":2,"date":"2018-02-09T09:25:03","date_gmt":"2018-02-09T09:25:03","guid":{"rendered":"https:\/\/greentechnologia.hu\/?page_id=2"},"modified":"2024-01-29T17:37:47","modified_gmt":"2024-01-29T16:37:47","slug":"ez-egy-minta-oldal","status":"publish","type":"page","link":"https:\/\/greentechnologia.hu\/","title":{"rendered":"Bemutatkoz\u00e1s"},"content":{"rendered":"\n<div>&nbsp;<\/div>\n\n\n\n<h3 class=\"wp-block-heading\">H\u00e1tr\u00e1nyos helyzet\u0171 telep\u00fcl\u00e9seken m\u0171k\u00f6d\u0151 mikro- \u00e9s kisv\u00e1llalkoz\u00e1sok fejleszt\u00e9seinek t\u00e1mogat\u00e1sa<\/h3>\n\n\n\n<p><\/p>\n\n\n\n<div class=\"wp-block-media-text alignwide is-stacked-on-mobile\" style=\"grid-template-columns:40% auto\"><figure class=\"wp-block-media-text__media\"><img loading=\"lazy\" decoding=\"async\" width=\"967\" height=\"681\" src=\"https:\/\/greentechnologia.hu\/wp-content\/uploads\/2022\/08\/szechenyi_logo-1.png\" alt=\"\" class=\"wp-image-263 size-full\" srcset=\"https:\/\/greentechnologia.hu\/wp-content\/uploads\/2022\/08\/szechenyi_logo-1.png 967w, https:\/\/greentechnologia.hu\/wp-content\/uploads\/2022\/08\/szechenyi_logo-1-300x211.png 300w, https:\/\/greentechnologia.hu\/wp-content\/uploads\/2022\/08\/szechenyi_logo-1-768x541.png 768w, https:\/\/greentechnologia.hu\/wp-content\/uploads\/2022\/08\/szechenyi_logo-1-825x581.png 825w, https:\/\/greentechnologia.hu\/wp-content\/uploads\/2022\/08\/szechenyi_logo-1-600x423.png 600w, https:\/\/greentechnologia.hu\/wp-content\/uploads\/2022\/08\/szechenyi_logo-1-400x282.png 400w\" sizes=\"auto, (max-width: 967px) 100vw, 967px\" \/><\/figure><div class=\"wp-block-media-text__content\">\n<p><strong>Kedvezm\u00e9nyezett neve:<\/strong> Green Technol\u00f3gia Kft.<br><strong>Projekt c\u00edme:<\/strong> H\u00e1tr\u00e1nyos helyzet\u0171 telep\u00fcl\u00e9seken m\u0171k\u00f6d\u0151 mikro- \u00e9s kisv\u00e1llalkoz\u00e1sok fejleszt\u00e9seinek t\u00e1mogat\u00e1sa<br><strong>Szerz\u0151d\u00f6tt t\u00e1mogat\u00e1s \u00f6sszege:<\/strong> 9 991 310 Ft<br><strong>A t\u00e1mogat\u00e1s m\u00e9rt\u00e9ke (%-ban):<\/strong> 70%<br><strong>A projekt tervezett befejez\u00e9si d\u00e1tuma:<\/strong> 2023.06.30.<br><strong>Projekt azonos\u00edt\u00f3 sz\u00e1ma:<\/strong> GINOP-1.2.9-20-2021-05062<br><strong>Projekt tartalm\u00e1nak bemutat\u00e1sa:<\/strong> Beszerz\u00e9sre \u00e9s be\u00fczemel\u00e9sre ker\u00fclt 1 db GENOX V800 egytengelyes apr\u00edt\u00f3g\u00e9p, valamint megval\u00f3sult 6 f\u0151 munkav\u00e1llal\u00f3nk ISO 9001:2015 szabv\u00e1ny szerinti min\u0151s\u00e9gir\u00e1ny\u00edt\u00e1si rendszer fenntart\u00e1sa \u00e9rdek\u00e9ben alapk\u00e9pz\u00e9s, rendszerismeretek megnevez\u00e9s\u0171 online k\u00e9pz\u00e9s elv\u00e9gz\u00e9se a projekt keret\u00e9ben.<\/p>\n<\/div><\/div>\n\n\n\n<div>\n\n<h3>R\u00f6vid C\u00e9gbemutat\u00f3 &#8211; Green Technol\u00f3gia K\u00f6rnyezetv\u00e9delmi Szolg\u00e1ltat\u00f3 Kft.<\/h3>\n<p>A C\u00e9g 2015-ben alakult Mosonmagyar\u00f3v\u00e1ron. &nbsp;A c\u00e9galap\u00edt\u00f3ja az alap\u00edt\u00e1st megel\u0151z\u0151en t\u00f6bb mint 10 \u00e9ven kereszt\u00fcl ir\u00e1ny\u00edtotta Magyarorsz\u00e1g egyik meghat\u00e1roz\u00f3 hullad\u00e9kgazd\u00e1lkod\u00e1ssal foglalkoz\u00f3 v\u00e1llalkoz\u00e1s\u00e1t, mely t\u00f6bb mint 120 telep\u00fcl\u00e9sen v\u00e9gezte a telep\u00fcl\u00e9si szil\u00e1rd hullad\u00e9kok teljes k\u00f6r\u0171 gy\u0171jt\u00e9s\u00e9t, kezel\u00e9s\u00e9t, \u00e1rtalmatlan\u00edt\u00e1s\u00e1t a k\u00f6zszolg\u00e1ltat\u00e1s \u00e9s a k\u00f6z\u00fczemi ter\u00fcleten egyar\u00e1nt, ez mellett els\u0151sorban felhagyott telep\u00fcl\u00e9si hullad\u00e9klerak\u00f3k letakar\u00e1sos rekultiv\u00e1ci\u00f3j\u00e1val, felsz\u00e1mol\u00e1s\u00e1val , k\u00e1rmenetes\u00edt\u00e9ssel foglalkozott.<\/p>\n<p>A Green Technol\u00f3gia K\u00f6rnyezetv\u00e9delmi Szolg\u00e1ltat\u00f3 Kft alap\u00edt\u00e1s\u00e1val az alap\u00edt\u00f3 a kor\u00e1bbi munk\u00e1i&nbsp; sor\u00e1n szerzett tapasztalatait k\u00edv\u00e1nja kamatoztatni els\u0151sorban tan\u00e1csad\u00f3i, bonyol\u00edt\u00f3i, tervez\u0151i, enged\u00e9lyez\u00e9si &nbsp;\u00e9s projekt management feladatok ell\u00e1t\u00e1s\u00e1val.<\/p>\n<p>Az alap\u00edt\u00e1st k\u00f6vet\u0151en a 2016 \u00e9vet a piacra l\u00e9p\u00e9s jellemezte, t\u00f6bb projekt szervez\u00e9se megkezd\u0151d\u00f6tt a hullad\u00e9kgazd\u00e1lkod\u00e1s ter\u00fclet\u00e9n, illetve a k\u00f6rnyezetv\u00e9delmet \u00e9rint\u0151 m\u00e1s ter\u00fcleteken egyar\u00e1nt. A tev\u00e9kenys\u00e9g\u00e9t t\u00e1rsv\u00e1llalkoz\u00e1sokkal k\u00f6z\u00f6sen v\u00e9gzi.<\/p>\n<p>Jelenleg Mosonmagyar\u00f3v\u00e1ron, Kecskem\u00e9ten \u00e9s Budapesten rendelkezik irod\u00e1val.<\/p>\n<p>A v\u00e1llalkoz\u00e1s tagja a Magyar M\u00e9rn\u00f6ki Kamar\u00e1nak (C-08-00287), \u00e9s a Magyar K\u00f6zszolg\u00e1ltat\u00f3k Egyes\u00fclete is felvette soraiba.<\/p>\n<p>Jogosult nem vesz\u00e9lyes hullad\u00e9kok orsz\u00e1gos hullad\u00e9kgazd\u00e1lkod\u00e1si tev\u00e9kenys\u00e9g\u00e9t v\u00e9gz\u0151 keresked\u0151i \u00e9s k\u00f6zvet\u00edt\u0151i tev\u00e9kenys\u00e9g ell\u00e1t\u00e1s\u00e1ra (Nyilv\u00e1ntart\u00e1si sz\u00e1m: 816\/1KERKOZ\/2016).<\/p>\n<p>Az alap\u00edt\u00f3 \u00fcgyvezet\u0151 a Magyar M\u00e9rn\u00f6ki Kamar\u00e1n\u00e1l, szak\u00e9rt\u0151i- tervez\u0151i jogosults\u00e1ggal rendelkezik a k\u00f6rnyezetv\u00e9delmi szakter\u00fcleten a&nbsp; hullad\u00e9kgazd\u00e1lkod\u00e1s \u00e9s a v\u00edz-\u00e9s f\u00f6ldtani k\u0151zetv\u00e9delem ill. a \u00e9lelmiszeripari-mez\u0151gazdas\u00e1gi szak ter\u00fcleten (MMK 08-1125).<\/p>\n<p>C\u00edmzetes egyetemi docens a Sz\u00e9chenyi Istv\u00e1n Egyetem Albert K\u00e1zm\u00e9r Mosonmagyar\u00f3v\u00e1ri Kar\u00e1n.<\/p>\n<div>\n<div>\n<div>\n<div>\n<div>\n<div>\n<div>\n<div>\n<div>\n<h3>&nbsp;<\/h3>\n<h3>F\u0151 tev\u00e9kenys\u00e9geink:<\/h3>\n<ul>\n<li> v\u00edzi k\u00f6zm\u0171 projektekhez kapcsol\u00f3d\u00f3 komplex el\u0151k\u00e9sz\u00edt\u00e9si feladatok ell\u00e1t\u00e1sa\n<li> m\u0171anyag f\u00f3liahullad\u00e9k \u00fajrahasznos\u00edt\u00e1s\n<li> m\u0171szaki fejleszt\u00e9s, m\u0171szaki tan\u00e1csad\u00e1s\n<li> m\u0171szaki kutat\u00e1sfejleszt\u00e9s\n<li> kutat\u00f3- elemz\u0151 tanulm\u00e1nyok k\u00e9sz\u00edt\u00e9se\n<li> elvi \u00e9s l\u00e9tes\u00edt\u00e9si enged\u00e9lyez\u00e9si tervek, kiviteli terv dokument\u00e1ci\u00f3k\n<li> \u00f6kol\u00f3giai \u00e1llapot felm\u00e9r\u00e9sek\n<li> beruh\u00e1z\u00e1si k\u00f6lts\u00e9g becsl\u00e9sek\n<li> k\u00f6lts\u00e9ghat\u00e9konys\u00e1gi \u00e9s fenntarthat\u00f3s\u00e1gi vizsg\u00e1latok\n<li> megval\u00f3s\u00edthat\u00f3s\u00e1gi tanulm\u00e1nyok k\u00e9sz\u00edt\u00e9se\n<\/ul>\n\n\n\n<\/p><br><\/p>\n<h3>TDIJ-\u00c9MI-2022-00025<\/h3>\n\n\n\n<p><a href=\"https:\/\/emi.hu\" data-type=\"URL\" data-id=\"https:\/\/emi.hu\">\u00c9MI \u00c9p\u00edt\u00e9s\u00fcgyi Min\u0151s\u00e9gellen\u0151rz\u0151 Innov\u00e1ci\u00f3s Nonprofit Kft.<\/a><\/p>\n\n\n\n<figure class=\"wp-block-image size-full\"><img loading=\"lazy\" decoding=\"async\" width=\"555\" height=\"185\" src=\"https:\/\/greentechnologia.hu\/wp-content\/uploads\/2024\/01\/emi.jpg\" alt=\"\" class=\"wp-image-302\" srcset=\"https:\/\/greentechnologia.hu\/wp-content\/uploads\/2024\/01\/emi.jpg 555w, https:\/\/greentechnologia.hu\/wp-content\/uploads\/2024\/01\/emi-300x100.jpg 300w, https:\/\/greentechnologia.hu\/wp-content\/uploads\/2024\/01\/emi-400x133.jpg 400w\" sizes=\"auto, (max-width: 555px) 100vw, 555px\" \/><\/figure>\n\n\n","protected":false},"excerpt":{"rendered":"<p>&nbsp; H\u00e1tr\u00e1nyos helyzet\u0171 telep\u00fcl\u00e9seken m\u0171k\u00f6d\u0151 mikro- \u00e9s kisv\u00e1llalkoz\u00e1sok fejleszt\u00e9seinek t\u00e1mogat\u00e1sa Kedvezm\u00e9nyezett neve: Green Technol\u00f3gia Kft.Projekt c\u00edme: H\u00e1tr\u00e1nyos helyzet\u0171 telep\u00fcl\u00e9seken m\u0171k\u00f6d\u0151 mikro- \u00e9s kisv\u00e1llalkoz\u00e1sok fejleszt\u00e9seinek t\u00e1mogat\u00e1saSzerz\u0151d\u00f6tt t\u00e1mogat\u00e1s \u00f6sszege: 9 991 310&hellip;<a href=\"https:\/\/greentechnologia.hu\/\" class=\"more-link\"><span class=\"more-button\">Continue reading<span class=\"screen-reader-text\">Bemutatkoz\u00e1s<\/span><\/span><\/a><\/p>\n","protected":false},"author":1,"featured_media":0,"parent":0,"menu_order":0,"comment_status":"closed","ping_status":"open","template":"","meta":{"footnotes":""},"class_list":["post-2","page","type-page","status-publish","hentry"],"_links":{"self":[{"href":"https:\/\/greentechnologia.hu\/index.php\/wp-json\/wp\/v2\/pages\/2","targetHints":{"allow":["GET"]}}],"collection":[{"href":"https:\/\/greentechnologia.hu\/index.php\/wp-json\/wp\/v2\/pages"}],"about":[{"href":"https:\/\/greentechnologia.hu\/index.php\/wp-json\/wp\/v2\/types\/page"}],"author":[{"embeddable":true,"href":"https:\/\/greentechnologia.hu\/index.php\/wp-json\/wp\/v2\/users\/1"}],"replies":[{"embeddable":true,"href":"https:\/\/greentechnologia.hu\/index.php\/wp-json\/wp\/v2\/comments?post=2"}],"version-history":[{"count":16,"href":"https:\/\/greentechnologia.hu\/index.php\/wp-json\/wp\/v2\/pages\/2\/revisions"}],"predecessor-version":[{"id":304,"href":"https:\/\/greentechnologia.hu\/index.php\/wp-json\/wp\/v2\/pages\/2\/revisions\/304"}],"wp:attachment":[{"href":"https:\/\/greentechnologia.hu\/index.php\/wp-json\/wp\/v2\/media?parent=2"}],"curies":[{"name":"wp","href":"https:\/\/api.w.org\/{rel}","templated":true}]}}